{"id":1149,"date":"2024-01-04T18:28:21","date_gmt":"2024-01-04T23:28:21","guid":{"rendered":"https:\/\/contactoangelical.com\/?page_id=1149"},"modified":"2024-01-23T10:23:16","modified_gmt":"2024-01-23T15:23:16","slug":"reservas","status":"publish","type":"page","link":"https:\/\/contactoangelical.com\/index.php\/reservas\/","title":{"rendered":"Reservas"},"content":{"rendered":"\t\t<div data-elementor-type=\"wp-page\" data-elementor-id=\"1149\" class=\"elementor elementor-1149\">\n\t\t\t\t\t\t<section class=\"elementor-section elementor-top-section elementor-element elementor-element-3283287 elementor-section-boxed elementor-section-height-default elementor-section-height-default\" data-id=\"3283287\" data-element_type=\"section\" data-e-type=\"section\">\n\t\t\t\t\t\t<div class=\"elementor-container elementor-column-gap-default\">\n\t\t\t\t\t<div class=\"elementor-column elementor-col-100 elementor-top-column elementor-element elementor-element-7ce0ddf\" data-id=\"7ce0ddf\" data-element_type=\"column\" data-e-type=\"column\">\n\t\t\t<div class=\"elementor-widget-wrap elementor-element-populated\">\n\t\t\t\t\t\t<div class=\"elementor-element elementor-element-e9faf8b elementor-widget elementor-widget-heading\" data-id=\"e9faf8b\" data-element_type=\"widget\" data-e-type=\"widget\" data-widget_type=\"heading.default\">\n\t\t\t\t<div class=\"elementor-widget-container\">\n\t\t\t\t\t<h3 class=\"elementor-heading-title elementor-size-default\">reserva de citas<\/h3>\t\t\t\t<\/div>\n\t\t\t\t<\/div>\n\t\t\t\t\t<\/div>\n\t\t<\/div>\n\t\t\t\t\t<\/div>\n\t\t<\/section>\n\t\t\t\t<section class=\"elementor-section elementor-top-section elementor-element elementor-element-4aac6e7 elementor-section-boxed elementor-section-height-default elementor-section-height-default\" data-id=\"4aac6e7\" data-element_type=\"section\" data-e-type=\"section\">\n\t\t\t\t\t\t<div class=\"elementor-container elementor-column-gap-default\">\n\t\t\t\t\t<div class=\"elementor-column elementor-col-50 elementor-top-column elementor-element elementor-element-00df8f4\" data-id=\"00df8f4\" data-element_type=\"column\" data-e-type=\"column\">\n\t\t\t<div class=\"elementor-widget-wrap elementor-element-populated\">\n\t\t\t\t\t\t<div class=\"elementor-element elementor-element-1cc912f elementor-widget elementor-widget-text-editor\" data-id=\"1cc912f\" data-element_type=\"widget\" data-e-type=\"widget\" data-widget_type=\"text-editor.default\">\n\t\t\t\t<div class=\"elementor-widget-container\">\n\t\t\t\t\t\t\t\t\t<p>Gracias Por confiar en <strong>Contacto Angelical<\/strong> para tu Sanaci\u00f3n y Evoluci\u00f3n.<\/p><p>Nuestras terapias holisticas combinan diferentes tecnicas de sanaci\u00f3n, y se aplican de acuerdo con el diagn\u00f3stico y la guianza de nuestros seres de luz.<\/p><p>La duraci\u00f3n de cada sesion es entre 60 y 90 minutos<\/p><p>La sesiones de Sanaci\u00f3n Regresiva pueden durar hasta 30 minutos adicionales, por favor selecciona la cita estandar de 90 minutos y consulta con el terapeuta la disponibilidad de tiempo adicional<\/p><p>Los horarios normales son de lunes a viernes asi:<\/p><p>Ma\u00f1ana: de 8:00 a 9:30 y de 9:30 a 11:00 am<\/p><p>Tarde:\u00a0 \u00a0 \u00a0de 1:00 a 2:30 y de 2:30 a 4:00 pm<\/p><p>Noche de\u00a0 \u00a0 6:00 a 7:30<\/p><p>S\u00e1bados de 8<span style=\"font-size: 15px; font-style: normal; font-weight: 400; background-color: var(--ast-global-color-5);\">:00 a 9:30 y de 9:30 a 11:00 am<\/span><\/p><p>\u00a0<\/p>\t\t\t\t\t\t\t\t<\/div>\n\t\t\t\t<\/div>\n\t\t\t\t\t<\/div>\n\t\t<\/div>\n\t\t\t\t<div class=\"elementor-column elementor-col-50 elementor-top-column elementor-element elementor-element-8d1d632\" data-id=\"8d1d632\" data-element_type=\"column\" data-e-type=\"column\">\n\t\t\t<div class=\"elementor-widget-wrap elementor-element-populated\">\n\t\t\t\t\t\t<div class=\"elementor-element elementor-element-b03050a elementor-widget elementor-widget-image\" data-id=\"b03050a\" data-element_type=\"widget\" data-e-type=\"widget\" data-widget_type=\"image.default\">\n\t\t\t\t<div class=\"elementor-widget-container\">\n\t\t\t\t\t\t\t\t\t\t\t\t\t\t\t<img fetchpriority=\"high\" decoding=\"async\" data-attachment-id=\"1156\" data-permalink=\"https:\/\/contactoangelical.com\/index.php\/reservas\/terapeuta\/\" data-orig-file=\"https:\/\/i0.wp.com\/contactoangelical.com\/wp-content\/uploads\/2024\/01\/terapeuta.jpg?fit=806%2C1007&amp;ssl=1\" data-orig-size=\"806,1007\" data-comments-opened=\"1\" data-image-meta=\"{&quot;aperture&quot;:&quot;0&quot;,&quot;credit&quot;:&quot;&quot;,&quot;camera&quot;:&quot;&quot;,&quot;caption&quot;:&quot;&quot;,&quot;created_timestamp&quot;:&quot;0&quot;,&quot;copyright&quot;:&quot;&quot;,&quot;focal_length&quot;:&quot;0&quot;,&quot;iso&quot;:&quot;0&quot;,&quot;shutter_speed&quot;:&quot;0&quot;,&quot;title&quot;:&quot;&quot;,&quot;orientation&quot;:&quot;0&quot;}\" data-image-title=\"terapeuta\" data-image-description=\"\" data-image-caption=\"\" data-large-file=\"https:\/\/i0.wp.com\/contactoangelical.com\/wp-content\/uploads\/2024\/01\/terapeuta.jpg?fit=806%2C1007&amp;ssl=1\" width=\"806\" height=\"1007\" src=\"https:\/\/i0.wp.com\/contactoangelical.com\/wp-content\/uploads\/2024\/01\/terapeuta.jpg?fit=806%2C1007&amp;ssl=1\" class=\"attachment-large size-large wp-image-1156\" alt=\"\" srcset=\"https:\/\/i0.wp.com\/contactoangelical.com\/wp-content\/uploads\/2024\/01\/terapeuta.jpg?w=806&amp;ssl=1 806w, https:\/\/i0.wp.com\/contactoangelical.com\/wp-content\/uploads\/2024\/01\/terapeuta.jpg?resize=240%2C300&amp;ssl=1 240w, https:\/\/i0.wp.com\/contactoangelical.com\/wp-content\/uploads\/2024\/01\/terapeuta.jpg?resize=768%2C960&amp;ssl=1 768w\" sizes=\"(max-width: 806px) 100vw, 806px\" data-attachment-id=\"1156\" data-permalink=\"https:\/\/contactoangelical.com\/index.php\/reservas\/terapeuta\/\" data-orig-file=\"https:\/\/i0.wp.com\/contactoangelical.com\/wp-content\/uploads\/2024\/01\/terapeuta.jpg?fit=806%2C1007&amp;ssl=1\" data-orig-size=\"806,1007\" data-comments-opened=\"1\" data-image-meta=\"{&quot;aperture&quot;:&quot;0&quot;,&quot;credit&quot;:&quot;&quot;,&quot;camera&quot;:&quot;&quot;,&quot;caption&quot;:&quot;&quot;,&quot;created_timestamp&quot;:&quot;0&quot;,&quot;copyright&quot;:&quot;&quot;,&quot;focal_length&quot;:&quot;0&quot;,&quot;iso&quot;:&quot;0&quot;,&quot;shutter_speed&quot;:&quot;0&quot;,&quot;title&quot;:&quot;&quot;,&quot;orientation&quot;:&quot;0&quot;}\" data-image-title=\"terapeuta\" data-image-description=\"\" data-image-caption=\"\" data-large-file=\"https:\/\/i0.wp.com\/contactoangelical.com\/wp-content\/uploads\/2024\/01\/terapeuta.jpg?fit=806%2C1007&amp;ssl=1\" \/>\t\t\t\t\t\t\t\t\t\t\t\t\t\t\t<\/div>\n\t\t\t\t<\/div>\n\t\t\t\t\t<\/div>\n\t\t<\/div>\n\t\t\t\t\t<\/div>\n\t\t<\/section>\n\t\t\t\t<section class=\"elementor-section elementor-top-section elementor-element elementor-element-03c6e55 elementor-section-boxed elementor-section-height-default elementor-section-height-default\" data-id=\"03c6e55\" data-element_type=\"section\" data-e-type=\"section\">\n\t\t\t\t\t\t<div class=\"elementor-container elementor-column-gap-default\">\n\t\t\t\t\t<div class=\"elementor-column elementor-col-100 elementor-top-column elementor-element elementor-element-e8eb86b\" data-id=\"e8eb86b\" data-element_type=\"column\" data-e-type=\"column\">\n\t\t\t<div class=\"elementor-widget-wrap elementor-element-populated\">\n\t\t\t\t\t\t<div class=\"elementor-element elementor-element-acc9536 elementor-widget elementor-widget-heading\" data-id=\"acc9536\" data-element_type=\"widget\" data-e-type=\"widget\" data-widget_type=\"heading.default\">\n\t\t\t\t<div class=\"elementor-widget-container\">\n\t\t\t\t\t<h3 class=\"elementor-heading-title elementor-size-default\">Medios de Pago<\/h3>\t\t\t\t<\/div>\n\t\t\t\t<\/div>\n\t\t\t\t\t<\/div>\n\t\t<\/div>\n\t\t\t\t\t<\/div>\n\t\t<\/section>\n\t\t\t\t<section class=\"elementor-section elementor-top-section elementor-element elementor-element-39b12b8 elementor-section-boxed elementor-section-height-default elementor-section-height-default\" data-id=\"39b12b8\" data-element_type=\"section\" data-e-type=\"section\">\n\t\t\t\t\t\t<div class=\"elementor-container elementor-column-gap-default\">\n\t\t\t\t\t<div class=\"elementor-column elementor-col-100 elementor-top-column elementor-element elementor-element-fb41122\" data-id=\"fb41122\" data-element_type=\"column\" data-e-type=\"column\">\n\t\t\t<div class=\"elementor-widget-wrap elementor-element-populated\">\n\t\t\t\t\t\t<div class=\"elementor-element elementor-element-c0c3dd4 elementor-widget elementor-widget-text-editor\" data-id=\"c0c3dd4\" data-element_type=\"widget\" data-e-type=\"widget\" data-widget_type=\"text-editor.default\">\n\t\t\t\t<div class=\"elementor-widget-container\">\n\t\t\t\t\t\t\t\t\t<p><img decoding=\"async\" data-recalc-dims=\"1\" src=\"https:\/\/i0.wp.com\/contactoangelical.com\/wp-content\/uploads\/2024\/01\/PAyPal.jpg?resize=37%2C28&#038;ssl=1\" alt=\"\" width=\"37\" height=\"28\" \/>\u00a0<span style=\"color: #000000;\"><a style=\"color: #000000;\" href=\"https:\/\/www.paypal.com\/paypalme\/MarceGaleano\"><span style=\"font-size: 15px; background-color: var(--ast-global-color-5);\">Si estas por fuera de Colombia, tu mejor opcion es pago via\u00a0<\/span><\/a><\/span><a style=\"font-size: 15px;\" href=\"https:\/\/www.paypal.com\/paypalme\/MarceGaleano\"><span style=\"color: #000000;\"><strong>Paypal,\u00a0<\/strong><\/span>\u00a0<\/a><\/p><p>Si estas en Colombia, tenemos estas Opciones<\/p><p><span style=\"font-size: 15px; font-style: normal; font-weight: 400;\">Nequi 3015375383<\/span><\/p><p>Bancolombia Ahorros 10033070483 a nombre de Lina Marcela Galeano<\/p><p>Davivienda Ahorros 4884 2257 8358 a nombre de Gonzalo Emilio Le\u00f3n<\/p><p>Si tu pago es con <strong>Tarjeta de cr\u00e9dito, <\/strong>solicita el enlace de pago dando <a href=\"https:\/\/wa.me\/+573107620545\"><span style=\"color: #000000;\"><strong>click aqui<\/strong><\/span><\/a><\/p>\t\t\t\t\t\t\t\t<\/div>\n\t\t\t\t<\/div>\n\t\t\t\t\t<\/div>\n\t\t<\/div>\n\t\t\t\t\t<\/div>\n\t\t<\/section>\n\t\t\t\t<section class=\"elementor-section elementor-top-section elementor-element elementor-element-4d2214a elementor-section-boxed elementor-section-height-default elementor-section-height-default\" data-id=\"4d2214a\" data-element_type=\"section\" data-e-type=\"section\">\n\t\t\t\t\t\t<div class=\"elementor-container elementor-column-gap-default\">\n\t\t\t\t\t<div class=\"elementor-column elementor-col-100 elementor-top-column elementor-element elementor-element-9162aeb\" data-id=\"9162aeb\" data-element_type=\"column\" data-e-type=\"column\">\n\t\t\t<div class=\"elementor-widget-wrap elementor-element-populated\">\n\t\t\t\t\t\t<div class=\"elementor-element elementor-element-59868b0 elementor-align-center elementor-widget elementor-widget-button\" data-id=\"59868b0\" data-element_type=\"widget\" data-e-type=\"widget\" data-widget_type=\"button.default\">\n\t\t\t\t<div class=\"elementor-widget-container\">\n\t\t\t\t\t\t\t\t\t<div class=\"elementor-button-wrapper\">\n\t\t\t\t\t<a class=\"elementor-button elementor-button-link elementor-size-xl\" href=\"https:\/\/calendar.app.google\/KFLssmKeZHmSQEo99\" target=\"_blank\">\n\t\t\t\t\t\t<span class=\"elementor-button-content-wrapper\">\n\t\t\t\t\t\t<span class=\"elementor-button-icon\">\n\t\t\t\t<i aria-hidden=\"true\" class=\"far fa-calendar-alt\"><\/i>\t\t\t<\/span>\n\t\t\t\t\t\t\t\t\t<span class=\"elementor-button-text\">Para hacer tu reserva Haz clic aqu\u00ed<\/span>\n\t\t\t\t\t<\/span>\n\t\t\t\t\t<\/a>\n\t\t\t\t<\/div>\n\t\t\t\t\t\t\t\t<\/div>\n\t\t\t\t<\/div>\n\t\t\t\t\t<\/div>\n\t\t<\/div>\n\t\t\t\t\t<\/div>\n\t\t<\/section>\n\t\t\t\t<\/div>\n\t\t","protected":false},"excerpt":{"rendered":"<p>reserva de citas Gracias Por confiar en Contacto Angelical para tu Sanaci\u00f3n y Evoluci\u00f3n. Nuestras terapias holisticas combinan diferentes tecnicas de sanaci\u00f3n, y se aplican de acuerdo con el diagn\u00f3stico y la guianza de nuestros seres de luz. La duraci\u00f3n de cada sesion es entre 60 y 90 minutos La sesiones de Sanaci\u00f3n Regresiva pueden [&hellip;]<\/p>\n","protected":false},"author":1,"featured_media":0,"parent":0,"menu_order":0,"comment_status":"closed","ping_status":"closed","template":"","meta":{"om_disable_all_campaigns":false,"_monsterinsights_skip_tracking":false,"_monsterinsights_sitenote_active":false,"_monsterinsights_sitenote_note":"","_monsterinsights_sitenote_category":0,"_uf_show_specific_survey":0,"_uf_disable_surveys":false,"site-sidebar-layout":"default","site-content-layout":"","ast-site-content-layout":"default","site-content-style":"default","site-sidebar-style":"default","ast-global-header-display":"","ast-banner-title-visibility":"","ast-main-header-display":"","ast-hfb-above-header-display":"","ast-hfb-below-header-display":"","ast-hfb-mobile-header-display":"","site-post-title":"","ast-breadcrumbs-content":"","ast-featured-img":"","footer-sml-layout":"","ast-disable-related-posts":"","theme-transparent-header-meta":"","adv-header-id-meta":"","stick-header-meta":"","header-above-stick-meta":"","header-main-stick-meta":"","header-below-stick-meta":"","astra-migrate-meta-layouts":"set","ast-page-background-enabled":"default","ast-page-background-meta":{"desktop":{"background-color":"","background-image":"","background-repeat":"repeat","background-position":"center center","background-size":"auto","background-attachment":"scroll","background-type":"","background-media":"","overlay-type":"","overlay-color":"","overlay-opacity":"","overlay-gradient":""},"tablet":{"background-color":"","background-image":"","background-repeat":"repeat","background-position":"center center","background-size":"auto","background-attachment":"scroll","background-type":"","background-media":"","overlay-type":"","overlay-color":"","overlay-opacity":"","overlay-gradient":""},"mobile":{"background-color":"","background-image":"","background-repeat":"repeat","background-position":"center center","background-size":"auto","background-attachment":"scroll","background-type":"","background-media":"","overlay-type":"","overlay-color":"","overlay-opacity":"","overlay-gradient":""}},"ast-content-background-meta":{"desktop":{"background-color":"var(--ast-global-color-5)","background-image":"","background-repeat":"repeat","background-position":"center center","background-size":"auto","background-attachment":"scroll","background-type":"","background-media":"","overlay-type":"","overlay-color":"","overlay-opacity":"","overlay-gradient":""},"tablet":{"background-color":"var(--ast-global-color-5)","background-image":"","background-repeat":"repeat","background-position":"center center","background-size":"auto","background-attachment":"scroll","background-type":"","background-media":"","overlay-type":"","overlay-color":"","overlay-opacity":"","overlay-gradient":""},"mobile":{"background-color":"var(--ast-global-color-5)","background-image":"","background-repeat":"repeat","background-position":"center center","background-size":"auto","background-attachment":"scroll","background-type":"","background-media":"","overlay-type":"","overlay-color":"","overlay-opacity":"","overlay-gradient":""}},"jetpack_post_was_ever_published":false,"_joinchat":[],"footnotes":""},"class_list":["post-1149","page","type-page","status-publish","hentry"],"aioseo_notices":[],"jetpack_sharing_enabled":true,"jetpack_likes_enabled":true,"jetpack-related-posts":[],"jetpack_shortlink":"https:\/\/wp.me\/P3ITrp-ix","amp_enabled":true,"_links":{"self":[{"href":"https:\/\/contactoangelical.com\/index.php\/wp-json\/wp\/v2\/pages\/1149","targetHints":{"allow":["GET"]}}],"collection":[{"href":"https:\/\/contactoangelical.com\/index.php\/wp-json\/wp\/v2\/pages"}],"about":[{"href":"https:\/\/contactoangelical.com\/index.php\/wp-json\/wp\/v2\/types\/page"}],"author":[{"embeddable":true,"href":"https:\/\/contactoangelical.com\/index.php\/wp-json\/wp\/v2\/users\/1"}],"replies":[{"embeddable":true,"href":"https:\/\/contactoangelical.com\/index.php\/wp-json\/wp\/v2\/comments?post=1149"}],"version-history":[{"count":31,"href":"https:\/\/contactoangelical.com\/index.php\/wp-json\/wp\/v2\/pages\/1149\/revisions"}],"predecessor-version":[{"id":1196,"href":"https:\/\/contactoangelical.com\/index.php\/wp-json\/wp\/v2\/pages\/1149\/revisions\/1196"}],"wp:attachment":[{"href":"https:\/\/contactoangelical.com\/index.php\/wp-json\/wp\/v2\/media?parent=1149"}],"curies":[{"name":"wp","href":"https:\/\/api.w.org\/{rel}","templated":true}]}}